{"id":2,"date":"2023-09-24T15:46:59","date_gmt":"2023-09-24T13:46:59","guid":{"rendered":"http:\/\/mielaou.com\/?page_id=2"},"modified":"2023-09-24T17:00:37","modified_gmt":"2023-09-24T15:00:37","slug":"page-d-exemple","status":"publish","type":"page","link":"https:\/\/mielaou.com\/index.php\/page-d-exemple\/","title":{"rendered":"Pr\u00e9sentation"},"content":{"rendered":"\n<p>Qui se cache derri\u00e8re miel \u00e0 ou ? Je m&#8217;appelle Jean Max et suis n\u00e9 \u00e0 l&#8217;\u00eele de la r\u00e9union il y a maintenant quelques ann\u00e9es. <\/p>\n\n\n\n<p>De retour sur mon \u00eele pour une retraite paisible, je me suis laiss\u00e9 happ\u00e9 par le virus de l&#8217;apiculture et produit maintenant du miel p\u00e9\u00ef que je vous propose de d\u00e9couvrir<\/p>\n\n\n\n<p>Laissez vous tenter par mes produits et contactez-moi pour plus de renseignements !<\/p>\n\n\n\n<figure class=\"wp-block-image\"><img loading=\"lazy\" decoding=\"async\" width=\"557\" height=\"589\" src=\"http:\/\/mielaou.com\/wp-content\/uploads\/2023\/09\/dessin-apiculteur.png\" alt=\"\" class=\"wp-image-28\" srcset=\"https:\/\/mielaou.com\/wp-content\/uploads\/2023\/09\/dessin-apiculteur.png 557w, https:\/\/mielaou.com\/wp-content\/uploads\/2023\/09\/dessin-apiculteur-284x300.png 284w\" sizes=\"auto, (max-width: 557px) 100vw, 557px\" \/><\/figure>\n","protected":false},"excerpt":{"rendered":"<p>Qui se cache derri\u00e8re miel \u00e0 ou ? Je m&#8217;appelle Jean Max et suis n\u00e9 \u00e0 l&#8217;\u00eele de la r\u00e9union il y a maintenant quelques ann\u00e9es. De retour sur mon \u00eele pour une retraite paisible, je me suis laiss\u00e9 happ\u00e9 par le virus de l&#8217;apiculture et produit maintenant du miel p\u00e9\u00ef que je vous propose [&hellip;]<\/p>\n","protected":false},"author":1,"featured_media":0,"parent":0,"menu_order":0,"comment_status":"closed","ping_status":"open","template":"","meta":{"footnotes":""},"class_list":["post-2","page","type-page","status-publish","hentry","entry"],"_links":{"self":[{"href":"https:\/\/mielaou.com\/index.php\/wp-json\/wp\/v2\/pages\/2","targetHints":{"allow":["GET"]}}],"collection":[{"href":"https:\/\/mielaou.com\/index.php\/wp-json\/wp\/v2\/pages"}],"about":[{"href":"https:\/\/mielaou.com\/index.php\/wp-json\/wp\/v2\/types\/page"}],"author":[{"embeddable":true,"href":"https:\/\/mielaou.com\/index.php\/wp-json\/wp\/v2\/users\/1"}],"replies":[{"embeddable":true,"href":"https:\/\/mielaou.com\/index.php\/wp-json\/wp\/v2\/comments?post=2"}],"version-history":[{"count":2,"href":"https:\/\/mielaou.com\/index.php\/wp-json\/wp\/v2\/pages\/2\/revisions"}],"predecessor-version":[{"id":29,"href":"https:\/\/mielaou.com\/index.php\/wp-json\/wp\/v2\/pages\/2\/revisions\/29"}],"wp:attachment":[{"href":"https:\/\/mielaou.com\/index.php\/wp-json\/wp\/v2\/media?parent=2"}],"curies":[{"name":"wp","href":"https:\/\/api.w.org\/{rel}","templated":true}]}}