{"id":35,"date":"2023-09-24T17:18:23","date_gmt":"2023-09-24T15:18:23","guid":{"rendered":"https:\/\/mielaou.com\/index.php\/page-daccueil\/"},"modified":"2023-09-24T17:49:13","modified_gmt":"2023-09-24T15:49:13","slug":"page-daccueil","status":"publish","type":"page","link":"https:\/\/mielaou.com\/","title":{"rendered":"Miel \u00e0 ou : le bon miel p\u00e9\u00ef"},"content":{"rendered":"\n<figure class=\"wp-block-image alignfull\"><img loading=\"lazy\" decoding=\"async\" width=\"582\" height=\"261\" src=\"https:\/\/mielaou.com\/wp-content\/uploads\/2023\/09\/cirque.png\" alt=\"\" class=\"wp-image-10\" srcset=\"https:\/\/mielaou.com\/wp-content\/uploads\/2023\/09\/cirque.png 582w, https:\/\/mielaou.com\/wp-content\/uploads\/2023\/09\/cirque-300x135.png 300w\" sizes=\"auto, (max-width: 582px) 100vw, 582px\" \/><\/figure>\n\n\n\n<h2 class=\"wp-block-heading\">L&#8217;\u00eele de la r\u00e9union ce sont les cirques, les plages, les r\u00e9unionnais, etc.  Mais c&#8217;est aussi un savoir faire local qui peut prendre la forme d&#8217;un miel,<strong> le miel a ou<\/strong><\/h2>\n\n\n\n<h2 class=\"wp-block-heading\">Vous adorez qu&#8217;on vous dise &#8220;mi aime a ou&#8221; ? Vous adorerez le &#8220;miel a ou&#8221;<\/h2>\n\n\n\n<p><\/p>\n\n\n\n<figure class=\"wp-block-image\"><img loading=\"lazy\" decoding=\"async\" width=\"355\" height=\"407\" src=\"https:\/\/mielaou.com\/wp-content\/uploads\/2023\/09\/pot-miel.png\" alt=\"\" class=\"wp-image-24\" srcset=\"https:\/\/mielaou.com\/wp-content\/uploads\/2023\/09\/pot-miel.png 355w, https:\/\/mielaou.com\/wp-content\/uploads\/2023\/09\/pot-miel-262x300.png 262w\" sizes=\"auto, (max-width: 355px) 100vw, 355px\" \/><\/figure>\n\n\n\n<div class=\"wp-block-columns alignwide are-vertically-aligned-center is-layout-flex wp-container-core-columns-is-layout-9d6595d7 wp-block-columns-is-layout-flex\">\n<div class=\"wp-block-column is-vertically-aligned-center is-layout-flow wp-block-column-is-layout-flow\">\n<div class=\"wp-block-buttons is-layout-flex wp-block-buttons-is-layout-flex\"><\/div>\n<\/div>\n<\/div>\n","protected":false},"excerpt":{"rendered":"<p>L&#8217;\u00eele de la r\u00e9union ce sont les cirques, les plages, les r\u00e9unionnais, etc. Mais c&#8217;est aussi un savoir faire local qui peut prendre la forme d&#8217;un miel, le miel a ou Vous adorez qu&#8217;on vous dise &#8220;mi aime a ou&#8221; ? Vous adorerez le &#8220;miel a ou&#8221;<\/p>\n","protected":false},"author":1,"featured_media":0,"parent":0,"menu_order":0,"comment_status":"closed","ping_status":"closed","template":"","meta":{"footnotes":""},"class_list":["post-35","page","type-page","status-publish","hentry","entry"],"_links":{"self":[{"href":"https:\/\/mielaou.com\/index.php\/wp-json\/wp\/v2\/pages\/35","targetHints":{"allow":["GET"]}}],"collection":[{"href":"https:\/\/mielaou.com\/index.php\/wp-json\/wp\/v2\/pages"}],"about":[{"href":"https:\/\/mielaou.com\/index.php\/wp-json\/wp\/v2\/types\/page"}],"author":[{"embeddable":true,"href":"https:\/\/mielaou.com\/index.php\/wp-json\/wp\/v2\/users\/1"}],"replies":[{"embeddable":true,"href":"https:\/\/mielaou.com\/index.php\/wp-json\/wp\/v2\/comments?post=35"}],"version-history":[{"count":2,"href":"https:\/\/mielaou.com\/index.php\/wp-json\/wp\/v2\/pages\/35\/revisions"}],"predecessor-version":[{"id":42,"href":"https:\/\/mielaou.com\/index.php\/wp-json\/wp\/v2\/pages\/35\/revisions\/42"}],"wp:attachment":[{"href":"https:\/\/mielaou.com\/index.php\/wp-json\/wp\/v2\/media?parent=35"}],"curies":[{"name":"wp","href":"https:\/\/api.w.org\/{rel}","templated":true}]}}